{"id":421,"date":"2023-12-12T11:18:23","date_gmt":"2023-12-12T10:18:23","guid":{"rendered":"https:\/\/www.3impulsa.es\/?page_id=421"},"modified":"2023-12-27T18:57:45","modified_gmt":"2023-12-27T17:57:45","slug":"abogados","status":"publish","type":"page","link":"https:\/\/www.3impulsa.es\/es\/abogados\/","title":{"rendered":"Abogados"},"content":{"rendered":"<p>[et_pb_section fb_built=\u00bb1&#8243; admin_label=\u00bbHeader\u00bb _builder_version=\u00bb4.23.1&#8243; _module_preset=\u00bbdefault\u00bb max_height_tablet=\u00bb\u00bb max_height_phone=\u00bb\u00bb max_height_last_edited=\u00bbon|desktop\u00bb custom_padding=\u00bb0px||0px||false|false\u00bb collapsed=\u00bbon\u00bb global_colors_info=\u00bb{}\u00bb][et_pb_row column_structure=\u00bb3_5,2_5&#8243; use_custom_gutter=\u00bbon\u00bb gutter_width=\u00bb1&#8243; make_equal=\u00bbon\u00bb _builder_version=\u00bb4.23.1&#8243; _module_preset=\u00bbdefault\u00bb width=\u00bb100%\u00bb max_width=\u00bbnone\u00bb height=\u00bb350px\u00bb height_tablet=\u00bb332px\u00bb height_phone=\u00bb217px\u00bb height_last_edited=\u00bbon|phone\u00bb custom_padding=\u00bb0px||0px||false|false\u00bb module_alignment_tablet=\u00bbcenter\u00bb module_alignment_phone=\u00bbcenter\u00bb module_alignment_last_edited=\u00bboff|desktop\u00bb global_colors_info=\u00bb{}\u00bb][et_pb_column type=\u00bb3_5&#8243; admin_label=\u00bbColumna\u00bb _builder_version=\u00bb4.23.1&#8243; _module_preset=\u00bbdefault\u00bb z_index=\u00bb10&#8243; custom_padding=\u00bb10%|8%|10%|8%|true|true\u00bb custom_padding_tablet=\u00bb10%|0px|10%||true|false\u00bb custom_padding_phone=\u00bb10%|0px|||false|false\u00bb custom_padding_last_edited=\u00bbon|tablet\u00bb global_colors_info=\u00bb{}\u00bb][et_pb_text _builder_version=\u00bb4.23.1&#8243; _module_preset=\u00bbc16985e1-e0d6-4022-964d-e2bfc04fa633&#8243; header_font=\u00bbCormorant Garamond|500|||||||\u00bb header_text_align=\u00bbcenter\u00bb header_text_color=\u00bbgcid-f9263e8f-2107-49f5-ba75-c9d329a43ae4&#8243; header_font_size=\u00bb90px\u00bb header_line_height=\u00bb1.1em\u00bb text_orientation=\u00bbcenter\u00bb custom_padding=\u00bb||||false|false\u00bb custom_padding_tablet=\u00bb85px||||false|false\u00bb custom_padding_phone=\u00bb85px||||false|false\u00bb custom_padding_last_edited=\u00bbon|tablet\u00bb header_font_size_tablet=\u00bb14vw\u00bb header_font_size_phone=\u00bb14vw\u00bb header_font_size_last_edited=\u00bbon|phone\u00bb locked=\u00bboff\u00bb global_colors_info=\u00bb{%22gcid-f9263e8f-2107-49f5-ba75-c9d329a43ae4%22:%91%22header_text_color%22%93}\u00bb]<\/p>\n<h1 style=\"text-align: left;\">Abogados<\/h1>\n<p>[\/et_pb_text][\/et_pb_column][et_pb_column type=\u00bb2_5&#8243; admin_label=\u00bbColumna\u00bb _builder_version=\u00bb4.23.1&#8243; _module_preset=\u00bbdefault\u00bb background_image=\u00bbhttps:\/\/www.3impulsa.es\/wp-content\/uploads\/2023\/11\/captura-2023-11-23-a-las-20.48.26.png\u00bb parallax=\u00bbon\u00bb background_enable_video_mp4=\u00bboff\u00bb background_last_edited=\u00bbon|phone\u00bb background_enable_image_tablet=\u00bboff\u00bb global_colors_info=\u00bb{}\u00bb][\/et_pb_column][\/et_pb_row][\/et_pb_section][et_pb_section fb_built=\u00bb1&#8243; admin_label=\u00bbfotos\u00bb module_id=\u00bbabogados\u00bb _builder_version=\u00bb4.23.1&#8243; _module_preset=\u00bbdefault\u00bb background_color=\u00bb#f4f4f4&#8243; custom_padding=\u00bb0px||0px||true|false\u00bb saved_tabs=\u00bball\u00bb collapsed=\u00bbon\u00bb global_colors_info=\u00bb{}\u00bb][et_pb_row column_structure=\u00bb1_2,1_2&#8243; custom_padding_last_edited=\u00bbon|phone\u00bb _builder_version=\u00bb4.23.1&#8243; _module_preset=\u00bbdefault\u00bb width=\u00bb100%\u00bb max_width=\u00bb2560px\u00bb custom_padding=\u00bb80px|150px|80px|150px|false|false\u00bb custom_padding_tablet=\u00bb80px|150px|80px|150px|false|false\u00bb custom_padding_phone=\u00bb|30px||30px|false|false\u00bb global_colors_info=\u00bb{}\u00bb][et_pb_column type=\u00bb1_2&#8243; admin_label=\u00bbColumna\u00bb _builder_version=\u00bb4.18.0&#8243; _module_preset=\u00bbdefault\u00bb global_colors_info=\u00bb{}\u00bb][et_pb_image src=\u00bbhttps:\/\/www.3impulsa.es\/wp-content\/uploads\/2023\/12\/sergio-bn.jpg\u00bb title_text=\u00bbAbogado con m\u00e1s de 30 a\u00f1os de experiencia en derecho civil, especializado en derecho bancario, seguros y reclamaciones de accidentes.\u00bb _builder_version=\u00bb4.23.3&#8243; _module_preset=\u00bbdefault\u00bb width=\u00bb400px\u00bb module_alignment=\u00bbcenter\u00bb hover_enabled=\u00bb0&#8243; global_colors_info=\u00bb{}\u00bb alt=\u00bbSergio Hedo\u00bb sticky_enabled=\u00bb0&#8243;][\/et_pb_image][et_pb_text admin_label=\u00bbTexto\u00bb _builder_version=\u00bb4.23.1&#8243; _module_preset=\u00bbdefault\u00bb text_font_size=\u00bb20px\u00bb text_line_height=\u00bb30px\u00bb header_font=\u00bbCormorant Garamond||||||||\u00bb header_font_size=\u00bb50px\u00bb header_line_height=\u00bb2em\u00bb width=\u00bb95%\u00bb module_alignment=\u00bbcenter\u00bb text_font_size_tablet=\u00bb22px\u00bb text_font_size_phone=\u00bb18px\u00bb text_font_size_last_edited=\u00bbon|phone\u00bb header_line_height_tablet=\u00bb2em\u00bb header_line_height_phone=\u00bb1.5em\u00bb header_line_height_last_edited=\u00bbon|phone\u00bb global_colors_info=\u00bb{}\u00bb]<\/p>\n<div>\n<div class=\"DF_utQ _0xkaeQ\">\n<div class=\"aF9o6Q _0yZ6Qg\">\n<div lang=\"es-ES\" class=\"AdBbhQ hGbcYA _7rUwsA\">\n<h1 class=\"cgHgbA pYZEjA Xp24Nw PanoWQ\" style=\"text-align: center;\"><span class=\"OYPEnA\">Sergio Hedo<\/span><\/h1>\n<\/div>\n<\/div>\n<\/div>\n<\/div>\n<div>\n<div class=\"DF_utQ _0xkaeQ\">\n<div class=\"aF9o6Q _0yZ6Qg\">\n<div lang=\"es-ES\" class=\"AdBbhQ hGbcYA _7rUwsA\">\n<p class=\"cgHgbA pYZEjA Xp24Nw PanoWQ\" style=\"text-align: center;\">Abogado con m\u00e1s de 30 a\u00f1os de experiencia en derecho civil, especializado en derecho bancario, seguros y reclamaciones de accidentes.<\/p>\n<p class=\"cgHgbA pYZEjA Xp24Nw PanoWQ\" style=\"text-align: center;\">\n<\/div>\n<\/div>\n<\/div>\n<\/div>\n<p>[\/et_pb_text][et_pb_text admin_label=\u00bbTexto\u00bb _builder_version=\u00bb4.23.3&#8243; _module_preset=\u00bbdefault\u00bb text_text_color=\u00bb#000000&#8243; link_text_align=\u00bbcenter\u00bb link_text_color=\u00bb#000000&#8243; custom_padding=\u00bb0px||0px||false|false\u00bb global_colors_info=\u00bb{}\u00bb]<\/p>\n<p style=\"text-align: center;\"><a alt=\"www.linkedin.com\" title=\"www.linkedin.com\" class=\"icono_redes_somos\" target=\"_blank\" href=\"https:\/\/www.linkedin.com\/in\/sergiohedo\/\" rel=\"noopener\"><i class=\"la la-linkedin\"><\/i><\/a><a alt=\"email\" title=\"email\" class=\"icono_redes\" target=\"_blank\" href=\"mailto:sergiohedo@3impulsa.com\" rel=\"noopener\"><i class=\"la la-envelope\"><\/i><\/a><a alt=\"tel\u00e9fono\" title=\"tel\u00e9fono\" class=\"icono_redes\" target=\"_blank\" href=\"tel:678584293\" rel=\"noopener\"><i class=\"la la-phone\"><\/i><\/a><\/p>\n<p>[\/et_pb_text][\/et_pb_column][et_pb_column type=\u00bb1_2&#8243; _builder_version=\u00bb4.18.0&#8243; _module_preset=\u00bbdefault\u00bb global_colors_info=\u00bb{}\u00bb][et_pb_image src=\u00bbhttps:\/\/www.3impulsa.es\/wp-content\/uploads\/2023\/12\/albert-bn.jpg\u00bb title_text=\u00bbAbogado con m\u00e1s de 15 a\u00f1os de experiencia en derecho mercantil, derecho penal y derecho de familia. Especializado en asesoramiento y resoluci\u00f3n de problemas legales.\u00bb admin_label=\u00bbImage\u00bb _builder_version=\u00bb4.23.3&#8243; _module_preset=\u00bbdefault\u00bb width=\u00bb400px\u00bb module_alignment=\u00bbcenter\u00bb hover_enabled=\u00bb0&#8243; global_colors_info=\u00bb{}\u00bb alt=\u00bbAlbert Aiguabella\u00bb sticky_enabled=\u00bb0&#8243;][\/et_pb_image][et_pb_text admin_label=\u00bbText\u00bb _builder_version=\u00bb4.23.1&#8243; _module_preset=\u00bbdefault\u00bb text_font_size=\u00bb20px\u00bb text_line_height=\u00bb30px\u00bb header_font=\u00bbCormorant Garamond||||||||\u00bb header_font_size=\u00bb50px\u00bb header_line_height=\u00bb2em\u00bb width=\u00bb95%\u00bb module_alignment=\u00bbcenter\u00bb text_font_size_tablet=\u00bb22px\u00bb text_font_size_phone=\u00bb18px\u00bb text_font_size_last_edited=\u00bbon|phone\u00bb header_line_height_tablet=\u00bb2em\u00bb header_line_height_phone=\u00bb1.2em\u00bb header_line_height_last_edited=\u00bbon|phone\u00bb global_colors_info=\u00bb{}\u00bb]<\/p>\n<div>\n<div class=\"DF_utQ _0xkaeQ\">\n<div class=\"aF9o6Q _0yZ6Qg\">\n<div lang=\"es-ES\" class=\"AdBbhQ hGbcYA _7rUwsA\">\n<h1 class=\"cgHgbA pYZEjA Xp24Nw PanoWQ\" style=\"text-align: center;\"><span>Albert Aiguabella<\/span><\/h1>\n<\/div>\n<\/div>\n<\/div>\n<\/div>\n<div>\n<div class=\"DF_utQ _0xkaeQ\">\n<div class=\"aF9o6Q _0yZ6Qg\">\n<div lang=\"es-ES\" class=\"AdBbhQ hGbcYA _7rUwsA\">\n<p class=\"cgHgbA pYZEjA Xp24Nw PanoWQ\" style=\"text-align: center;\">Abogado con m\u00e1s de 15 a\u00f1os de experiencia en derecho mercantil, derecho penal y derecho de familia. Especializado en asesoramiento y resoluci\u00f3n de problemas legales.<\/p>\n<\/div>\n<\/div>\n<\/div>\n<\/div>\n<p>[\/et_pb_text][et_pb_text _builder_version=\u00bb4.23.3&#8243; _module_preset=\u00bbdefault\u00bb text_text_color=\u00bb#000000&#8243; link_text_align=\u00bbcenter\u00bb link_text_color=\u00bb#000000&#8243; custom_padding=\u00bb0px||0px||false|false\u00bb global_colors_info=\u00bb{}\u00bb]<\/p>\n<p style=\"text-align: center;\"><a alt=\"www.linkedin.com\" title=\"www.linkedin.com\" class=\"icono_redes_somos\" target=\"_blank\" href=\"https:\/\/www.linkedin.com\/in\/albertaiguabella\/\" rel=\"noopener\"><i class=\"la la-linkedin\"><\/i><\/a><a alt=\"email\" title=\"email\" class=\"icono_redes\" target=\"_blank\" href=\"mailto:albertaiguabella@3impulsa.com\" rel=\"noopener\"><i class=\"la la-envelope\"><\/i><\/a><a alt=\"tel\u00e9fono\" title=\"tel\u00e9fono\" class=\"icono_redes\" target=\"_blank\" href=\"tel:661403670\" rel=\"noopener\"><i class=\"la la-phone\"><\/i><\/a><\/p>\n<p>[\/et_pb_text][\/et_pb_column][\/et_pb_row][\/et_pb_section]<\/p>\n","protected":false},"excerpt":{"rendered":"<p>Abogados Sergio Hedo Abogado con m\u00e1s de 30 a\u00f1os de experiencia en derecho civil, especializado en derecho bancario, seguros y reclamaciones de accidentes. Albert Aiguabella Abogado con m\u00e1s de 15 a\u00f1os de experiencia en derecho mercantil, derecho penal y derecho de familia. Especializado en asesoramiento y resoluci\u00f3n de problemas legales.<\/p>\n","protected":false},"author":1,"featured_media":0,"parent":0,"menu_order":0,"comment_status":"closed","ping_status":"closed","template":"","meta":{"_et_pb_use_builder":"on","_et_pb_old_content":"","_et_gb_content_width":"","footnotes":""},"class_list":["post-421","page","type-page","status-publish","hentry"],"_links":{"self":[{"href":"https:\/\/www.3impulsa.es\/es\/wp-json\/wp\/v2\/pages\/421","targetHints":{"allow":["GET"]}}],"collection":[{"href":"https:\/\/www.3impulsa.es\/es\/wp-json\/wp\/v2\/pages"}],"about":[{"href":"https:\/\/www.3impulsa.es\/es\/wp-json\/wp\/v2\/types\/page"}],"author":[{"embeddable":true,"href":"https:\/\/www.3impulsa.es\/es\/wp-json\/wp\/v2\/users\/1"}],"replies":[{"embeddable":true,"href":"https:\/\/www.3impulsa.es\/es\/wp-json\/wp\/v2\/comments?post=421"}],"version-history":[{"count":5,"href":"https:\/\/www.3impulsa.es\/es\/wp-json\/wp\/v2\/pages\/421\/revisions"}],"predecessor-version":[{"id":531,"href":"https:\/\/www.3impulsa.es\/es\/wp-json\/wp\/v2\/pages\/421\/revisions\/531"}],"wp:attachment":[{"href":"https:\/\/www.3impulsa.es\/es\/wp-json\/wp\/v2\/media?parent=421"}],"curies":[{"name":"wp","href":"https:\/\/api.w.org\/{rel}","templated":true}]}}